{"id":31,"date":"2020-12-29T10:58:23","date_gmt":"2020-12-29T09:58:23","guid":{"rendered":"http:\/\/ericetmarie.com\/?page_id=31"},"modified":"2021-12-23T11:21:42","modified_gmt":"2021-12-23T10:21:42","slug":"atelier-dhorlogerie","status":"publish","type":"page","link":"https:\/\/ericetmarie.com\/index.php\/atelier-dhorlogerie\/","title":{"rendered":"Atelier d&rsquo;horlogerie"},"content":{"rendered":"<p>[et_pb_section fb_built=\u00a0\u00bb1&Prime; fullwidth=\u00a0\u00bbon\u00a0\u00bb _builder_version=\u00a0\u00bb4.7.4&Prime; _module_preset=\u00a0\u00bbdefault\u00a0\u00bb hover_enabled=\u00a0\u00bb0&Prime; custom_padding_last_edited=\u00a0\u00bbon|phone\u00a0\u00bb sticky_enabled=\u00a0\u00bb0&Prime; custom_padding_tablet=\u00a0\u00bb||35px||false|false\u00a0\u00bb custom_padding_phone=\u00a0\u00bb||55px||false|false\u00a0\u00bb][et_pb_fullwidth_image src=\u00a0\u00bbhttp:\/\/ericetmarie.com\/wp-content\/uploads\/2021\/12\/horlogerie-Eric-et-Marie-ps-1.jpg\u00a0\u00bb title_text=\u00a0\u00bbhorlogerie Eric et Marie ps\u00a0\u00bb _builder_version=\u00a0\u00bb4.7.4&Prime; _module_preset=\u00a0\u00bbdefault\u00a0\u00bb custom_margin=\u00a0\u00bb||-86px||false|false\u00a0\u00bb custom_padding=\u00a0\u00bb||||false|false\u00a0\u00bb][\/et_pb_fullwidth_image][\/et_pb_section][et_pb_section fb_built=\u00a0\u00bb1&Prime; _builder_version=\u00a0\u00bb4.7.4&Prime; _module_preset=\u00a0\u00bbdefault\u00a0\u00bb background_color=\u00a0\u00bb#FFFFFF\u00a0\u00bb width=\u00a0\u00bb100%\u00a0\u00bb module_alignment=\u00a0\u00bbcenter\u00a0\u00bb custom_margin=\u00a0\u00bb0px|0px|0px|0px|true|true\u00a0\u00bb custom_padding=\u00a0\u00bb70px|0px|70px|0px|true|true\u00a0\u00bb][et_pb_row column_structure=\u00a0\u00bb1_2,1_2&Prime; _builder_version=\u00a0\u00bb4.7.4&Prime; _module_preset=\u00a0\u00bbdefault\u00a0\u00bb background_color=\u00a0\u00bbrgba(0,0,0,0)\u00a0\u00bb module_alignment=\u00a0\u00bbcenter\u00a0\u00bb custom_margin=\u00a0\u00bb0px|0px|0px|0px|true|true\u00a0\u00bb custom_padding=\u00a0\u00bb0px|0px|0px|0px|true|true\u00a0\u00bb][et_pb_column type=\u00a0\u00bb1_2&Prime; _builder_version=\u00a0\u00bb4.7.4&Prime; _module_preset=\u00a0\u00bbdefault\u00a0\u00bb][et_pb_image src=\u00a0\u00bbhttp:\/\/ericetmarie.com\/wp-content\/uploads\/2021\/11\/Horlogerie.Eric_et_Marie-scaled.jpg\u00a0\u00bb title_text=\u00a0\u00bbHorlogerie.Eric_et_Marie\u00a0\u00bb align=\u00a0\u00bbcenter\u00a0\u00bb _builder_version=\u00a0\u00bb4.7.4&Prime; _module_preset=\u00a0\u00bbdefault\u00a0\u00bb width=\u00a0\u00bb70%\u00a0\u00bb module_alignment=\u00a0\u00bbcenter\u00a0\u00bb custom_margin=\u00a0\u00bb-25px|0px|0px|0px|false|false\u00a0\u00bb custom_padding=\u00a0\u00bb0px|0px|0px|0px|false|false\u00a0\u00bb][\/et_pb_image][\/et_pb_column][et_pb_column type=\u00a0\u00bb1_2&Prime; _builder_version=\u00a0\u00bb4.7.4&Prime; _module_preset=\u00a0\u00bbdefault\u00a0\u00bb][et_pb_text _builder_version=\u00a0\u00bb4.7.4&Prime; _module_preset=\u00a0\u00bbdefault\u00a0\u00bb text_font=\u00a0\u00bbPlayfair Display||||||||\u00a0\u00bb text_text_color=\u00a0\u00bb#303030&Prime; text_font_size=\u00a0\u00bb30px\u00a0\u00bb custom_margin=\u00a0\u00bb0px|0px||0px|false|false\u00a0\u00bb custom_padding=\u00a0\u00bb|0px||0px|false|false\u00a0\u00bb]<\/p>\n<p style=\"text-align: center;\"><strong>Atelier d&rsquo;horlogerie<\/strong><\/p>\n<p>[\/et_pb_text][et_pb_text _builder_version=\u00a0\u00bb4.7.4&Prime; _module_preset=\u00a0\u00bbdefault\u00a0\u00bb text_font=\u00a0\u00bbRaleway||||||||\u00a0\u00bb text_text_color=\u00a0\u00bb#303030&Prime; text_font_size=\u00a0\u00bb15px\u00a0\u00bb custom_margin=\u00a0\u00bb|0px||0px|false|false\u00a0\u00bb]<\/p>\n<p style=\"text-align: left;\">Passionn\u00e9s par l\u2019horlogerie, nous avons fait des pendules qui d\u00e9corent nos maisons et rythment nos vies depuis des si\u00e8cles, notre sp\u00e9cialit\u00e9.<\/p>\n<p style=\"text-align: left;\">Chaque pendule est un coup de c\u0153ur et une histoire que nous aimons \u00e0 partager avec vous.<\/p>\n<p style=\"text-align: left;\">Dans la tradition des artisans horlogers, notre atelier redonnera vie \u00e0 vos pendules et horloges anciennes.<\/p>\n<p>[\/et_pb_text][et_pb_button button_url=\u00a0\u00bbhttp:\/\/ericetmarie.com\/index.php\/galerie-horlogerie\/\u00a0\u00bb button_text=\u00a0\u00bbGalerie photos\u00a0\u00bb button_alignment=\u00a0\u00bbcenter\u00a0\u00bb _builder_version=\u00a0\u00bb4.7.4&Prime; _module_preset=\u00a0\u00bbdefault\u00a0\u00bb custom_button=\u00a0\u00bbon\u00a0\u00bb button_text_size=\u00a0\u00bb15px\u00a0\u00bb button_text_color=\u00a0\u00bb#FFFFFF\u00a0\u00bb button_bg_color=\u00a0\u00bb#a69556&Prime; button_border_width=\u00a0\u00bb0px\u00a0\u00bb button_border_radius=\u00a0\u00bb20px\u00a0\u00bb button_icon=\u00a0\u00bb%%20%%\u00a0\u00bb button_icon_color=\u00a0\u00bb#FFFFFF\u00a0\u00bb custom_margin=\u00a0\u00bb0px|0px|0px|0px|false|false\u00a0\u00bb][\/et_pb_button][\/et_pb_column][\/et_pb_row][\/et_pb_section][et_pb_section fb_built=\u00a0\u00bb1&Prime; _builder_version=\u00a0\u00bb4.7.4&Prime; _module_preset=\u00a0\u00bbdefault\u00a0\u00bb background_color=\u00a0\u00bb#f6f6f6&Prime; min_height=\u00a0\u00bb103px\u00a0\u00bb custom_margin=\u00a0\u00bb-28px|0px|-28px|0px|true|true\u00a0\u00bb custom_padding=\u00a0\u00bb70px|0px|70px|0px|true|true\u00a0\u00bb][et_pb_row column_structure=\u00a0\u00bb1_2,1_2&Prime; use_custom_gutter=\u00a0\u00bbon\u00a0\u00bb gutter_width=\u00a0\u00bb4&Prime; _builder_version=\u00a0\u00bb4.7.4&Prime; _module_preset=\u00a0\u00bbdefault\u00a0\u00bb background_color=\u00a0\u00bbrgba(0,0,0,0)\u00a0\u00bb module_alignment=\u00a0\u00bbcenter\u00a0\u00bb custom_margin=\u00a0\u00bb-24px|auto||auto|false|false\u00a0\u00bb custom_padding=\u00a0\u00bb||||false|false\u00a0\u00bb][et_pb_column type=\u00a0\u00bb1_2&Prime; _builder_version=\u00a0\u00bb4.7.4&Prime; _module_preset=\u00a0\u00bbdefault\u00a0\u00bb][et_pb_image src=\u00a0\u00bbhttp:\/\/ericetmarie.com\/wp-content\/uploads\/2021\/01\/ErisMarie_horlogerie_estimation.png\u00a0\u00bb title_text=\u00a0\u00bbEris&#038;Marie_horlogerie_estimation\u00a0\u00bb align=\u00a0\u00bbcenter\u00a0\u00bb _builder_version=\u00a0\u00bb4.7.4&Prime; _module_preset=\u00a0\u00bbdefault\u00a0\u00bb width=\u00a0\u00bb100%\u00a0\u00bb custom_margin=\u00a0\u00bb|0px||0px|false|false\u00a0\u00bb custom_padding=\u00a0\u00bb|0px||0px||\u00a0\u00bb][\/et_pb_image][et_pb_text _builder_version=\u00a0\u00bb4.7.4&Prime; _module_preset=\u00a0\u00bbdefault\u00a0\u00bb text_font=\u00a0\u00bbPlayfair Display||||||||\u00a0\u00bb text_text_color=\u00a0\u00bb#303030&Prime; text_font_size=\u00a0\u00bb23px\u00a0\u00bb width=\u00a0\u00bb100%\u00a0\u00bb module_alignment=\u00a0\u00bbcenter\u00a0\u00bb custom_margin=\u00a0\u00bb|0px||0px|false|false\u00a0\u00bb custom_padding=\u00a0\u00bb|0px||0px|false|false\u00a0\u00bb]<\/p>\n<p style=\"text-align: center;\"><strong>Achat et Estimation<\/strong><\/p>\n<p>[\/et_pb_text][et_pb_text _builder_version=\u00a0\u00bb4.7.4&Prime; _module_preset=\u00a0\u00bbdefault\u00a0\u00bb text_font=\u00a0\u00bbRaleway||||||||\u00a0\u00bb text_text_color=\u00a0\u00bb#303030&Prime; text_font_size=\u00a0\u00bb15px\u00a0\u00bb custom_margin=\u00a0\u00bb||||false|false\u00a0\u00bb custom_padding=\u00a0\u00bb||||false|false\u00a0\u00bb]<\/p>\n<p style=\"text-align: left;\">Vous souhaitez vendre votre pendule ancienne ? Notre boutique \u00e0 Nice est le bon endroit pour vous. Nous mettons \u00e0 votre disposition notre exp\u00e9rience et nos connaissances pour estimer votre pendule et vous faire une proposition d\u2019achat.<\/p>\n<p>[\/et_pb_text][\/et_pb_column][et_pb_column type=\u00a0\u00bb1_2&Prime; _builder_version=\u00a0\u00bb4.7.4&Prime; _module_preset=\u00a0\u00bbdefault\u00a0\u00bb][et_pb_image src=\u00a0\u00bbhttp:\/\/ericetmarie.com\/wp-content\/uploads\/2021\/01\/EricMarie_horlogerie_vente.png\u00a0\u00bb title_text=\u00a0\u00bbEric&#038;Marie_horlogerie_vente\u00a0\u00bb align=\u00a0\u00bbcenter\u00a0\u00bb _builder_version=\u00a0\u00bb4.7.4&Prime; _module_preset=\u00a0\u00bbdefault\u00a0\u00bb custom_margin=\u00a0\u00bb|||0px|false|false\u00a0\u00bb][\/et_pb_image][et_pb_text _builder_version=\u00a0\u00bb4.7.4&Prime; _module_preset=\u00a0\u00bbdefault\u00a0\u00bb text_font=\u00a0\u00bbPlayfair Display||||||||\u00a0\u00bb text_text_color=\u00a0\u00bb#303030&Prime; text_font_size=\u00a0\u00bb23px\u00a0\u00bb custom_margin=\u00a0\u00bb|||0px||\u00a0\u00bb custom_padding=\u00a0\u00bb|||0px|false|false\u00a0\u00bb]<\/p>\n<p style=\"text-align: center;\"><strong>Vente<\/strong><\/p>\n<p>[\/et_pb_text][et_pb_text _builder_version=\u00a0\u00bb4.7.4&Prime; _module_preset=\u00a0\u00bbdefault\u00a0\u00bb text_font=\u00a0\u00bbRaleway||||||||\u00a0\u00bb text_text_color=\u00a0\u00bb#303030&Prime; text_font_size=\u00a0\u00bb15px\u00a0\u00bb custom_margin=\u00a0\u00bb||||false|false\u00a0\u00bb]<\/p>\n<p style=\"text-align: left;\">Dans notre boutique au c\u0153ur de Nice, vous trouverez un large choix de pendules anciennes, de tous styles et de toutes \u00e9poques, allant du 17\u00e8me au 20\u00e8me si\u00e8cle. Toutes nos pendules sont vendues r\u00e9vis\u00e9es et en parfait \u00e9tat de fonctionnement.<\/p>\n<p>[\/et_pb_text][\/et_pb_column][\/et_pb_row][\/et_pb_section][et_pb_section fb_built=\u00a0\u00bb1&Prime; _builder_version=\u00a0\u00bb4.7.4&Prime; _module_preset=\u00a0\u00bbdefault\u00a0\u00bb background_enable_color=\u00a0\u00bboff\u00a0\u00bb min_height=\u00a0\u00bb103px\u00a0\u00bb custom_margin=\u00a0\u00bb-28px|0px|-28px|0px|true|true\u00a0\u00bb custom_padding=\u00a0\u00bb70px|0px|70px|0px|true|true\u00a0\u00bb][et_pb_row column_structure=\u00a0\u00bb1_2,1_2&Prime; use_custom_gutter=\u00a0\u00bbon\u00a0\u00bb gutter_width=\u00a0\u00bb4&Prime; _builder_version=\u00a0\u00bb4.7.4&Prime; _module_preset=\u00a0\u00bbdefault\u00a0\u00bb background_color=\u00a0\u00bbrgba(0,0,0,0)\u00a0\u00bb module_alignment=\u00a0\u00bbcenter\u00a0\u00bb custom_margin=\u00a0\u00bb3px|auto||auto|false|false\u00a0\u00bb custom_padding=\u00a0\u00bb||||false|false\u00a0\u00bb][et_pb_column type=\u00a0\u00bb1_2&Prime; _builder_version=\u00a0\u00bb4.7.4&Prime; _module_preset=\u00a0\u00bbdefault\u00a0\u00bb][et_pb_text _builder_version=\u00a0\u00bb4.7.4&Prime; _module_preset=\u00a0\u00bbdefault\u00a0\u00bb text_font=\u00a0\u00bbPlayfair Display||||||||\u00a0\u00bb text_text_color=\u00a0\u00bb#303030&Prime; text_font_size=\u00a0\u00bb23px\u00a0\u00bb width=\u00a0\u00bb100%\u00a0\u00bb custom_padding=\u00a0\u00bb|0px||0px|false|false\u00a0\u00bb]<\/p>\n<p style=\"text-align: center;\"><strong>Restauration et R\u00e9paration<\/strong><\/p>\n<p>[\/et_pb_text][et_pb_text _builder_version=\u00a0\u00bb4.7.4&Prime; _module_preset=\u00a0\u00bbdefault\u00a0\u00bb text_font=\u00a0\u00bbRaleway||||||||\u00a0\u00bb text_text_color=\u00a0\u00bb#303030&Prime; text_font_size=\u00a0\u00bb15px\u00a0\u00bb custom_margin=\u00a0\u00bb||||false|false\u00a0\u00bb custom_padding=\u00a0\u00bb||||false|false\u00a0\u00bb]<\/p>\n<p style=\"text-align: left;\">Nous sommes sp\u00e9cialis\u00e9s dans la restauration et la r\u00e9paration des pendules et des horloges anciennes (Pendules, comtoises, cartels, coucous, r\u00e9veils, carillons\u2026).<\/p>\n<p style=\"text-align: left;\">Tous les travaux sont r\u00e9alis\u00e9s au sein de notre atelier d\u2019horlogerie.<\/p>\n<p style=\"text-align: left;\">Selon vos besoins, nous vous proposons la r\u00e9vision, la r\u00e9paration, ou la restauration compl\u00e8te de votre pendule ; ainsi que le nettoyage des bronzes.<\/p>\n<p style=\"text-align: left;\">Devis gratuit et d\u00e9placement possible.<\/p>\n<p>[\/et_pb_text][\/et_pb_column][et_pb_column type=\u00a0\u00bb1_2&Prime; _builder_version=\u00a0\u00bb4.7.4&Prime; _module_preset=\u00a0\u00bbdefault\u00a0\u00bb][et_pb_image src=\u00a0\u00bbhttp:\/\/ericetmarie.com\/wp-content\/uploads\/2021\/01\/EricMarie_horlogerie_restauration.png\u00a0\u00bb title_text=\u00a0\u00bbEric&#038;Marie_horlogerie_restauration\u00a0\u00bb align=\u00a0\u00bbcenter\u00a0\u00bb _builder_version=\u00a0\u00bb4.7.4&Prime; _module_preset=\u00a0\u00bbdefault\u00a0\u00bb][\/et_pb_image][\/et_pb_column][\/et_pb_row][\/et_pb_section]<\/p>\n","protected":false},"excerpt":{"rendered":"<p>Atelier d&rsquo;horlogeriePassionn\u00e9s par l\u2019horlogerie, nous avons fait des pendules qui d\u00e9corent nos maisons et rythment nos vies depuis des si\u00e8cles, notre sp\u00e9cialit\u00e9. Chaque pendule est un coup de c\u0153ur et une histoire que nous aimons \u00e0 partager avec vous. Dans la tradition des artisans horlogers, notre atelier redonnera vie \u00e0 vos pendules et horloges anciennes.Achat [&hellip;]<\/p>\n","protected":false},"author":1,"featured_media":0,"parent":0,"menu_order":0,"comment_status":"closed","ping_status":"closed","template":"","meta":{"_et_pb_use_builder":"on","_et_pb_old_content":"","_et_gb_content_width":"","footnotes":""},"class_list":["post-31","page","type-page","status-publish","hentry"],"_links":{"self":[{"href":"https:\/\/ericetmarie.com\/index.php\/wp-json\/wp\/v2\/pages\/31"}],"collection":[{"href":"https:\/\/ericetmarie.com\/index.php\/wp-json\/wp\/v2\/pages"}],"about":[{"href":"https:\/\/ericetmarie.com\/index.php\/wp-json\/wp\/v2\/types\/page"}],"author":[{"embeddable":true,"href":"https:\/\/ericetmarie.com\/index.php\/wp-json\/wp\/v2\/users\/1"}],"replies":[{"embeddable":true,"href":"https:\/\/ericetmarie.com\/index.php\/wp-json\/wp\/v2\/comments?post=31"}],"version-history":[{"count":65,"href":"https:\/\/ericetmarie.com\/index.php\/wp-json\/wp\/v2\/pages\/31\/revisions"}],"predecessor-version":[{"id":1774,"href":"https:\/\/ericetmarie.com\/index.php\/wp-json\/wp\/v2\/pages\/31\/revisions\/1774"}],"wp:attachment":[{"href":"https:\/\/ericetmarie.com\/index.php\/wp-json\/wp\/v2\/media?parent=31"}],"curies":[{"name":"wp","href":"https:\/\/api.w.org\/{rel}","templated":true}]}}